{"id":2,"date":"2024-08-18T18:36:11","date_gmt":"2024-08-18T09:36:11","guid":{"rendered":"http:\/\/shinichikushima.com"},"modified":"2024-10-25T01:02:31","modified_gmt":"2024-10-24T16:02:31","slug":"book_review","status":"publish","type":"page","link":"https:\/\/shinichikushima.com\/?page_id=2","title":{"rendered":"\u3081\u3050\u308a\u3042\u3046\u66f8\u7269\u305f\u3061<span style=\"color: Red;\">\u3082\u3069\u304d<\/span>"},"content":{"rendered":"<p>\u6bce\u9031 \u697d\u3057\u307f\u306b\u3057\u3066\u3044\u305f \u5c3e\u95a2\u7ae0\u3055\u3093\u306e\u300c\u3081\u3050\u308a\u3042\u3046\u66f8\u7269\u305f\u3061\u300d\u304c\u300c\u7b46\u8005\u306e\u3084\u3080\u3092\u5f97\u306a\u3044\u4e8b\u60c5\u306b\u3088\u308a\u300d\u3057\u3070\u3089\u304f\u306e\u3042\u3044\u3060\u304a\u4f11\u307f\u306b\u3002<\/p>\n<blockquote><p><span style=\"color: royalblue;\"><strong>\u3081\u3050\u308a\u3042\u3046\u66f8\u7269\u305f\u3061\/\u5c3e\u95a2\u7ae0<\/strong><\/span><br \/>\n\u300c\u8aad\u3080\u300d\u300c\u8003\u3048\u308b\u300d\u306e by chance<br \/>\n3\u5e7412\u67081\u65e5 \u6295\u7a3f\u8005: AKIRA OZEKI<\/strong><\/span><br \/>\n<strong><span style=\"color: RoyalBlue;\">\u4f11\u8f09\u306e\u304a\u77e5\u3089\u305b<\/strong><br \/>\n<a href=\"https:\/\/ozekibook.com\/2023\/12\/01\/\u4f11\u8f09\u306e\u304a\u77e5\u3089\u305b\/\">https:\/\/ozekibook.com\/2023\/12\/01\/\u4f11\u8f09\u306e\u304a\u77e5\u3089\u305b\/<\/a><\/p><\/blockquote>\n<p>\u6bce\u9031\u306b\u53d7\u3051\u3066\u3044\u305f\u523a\u6fc0\u304c\u6025\u306b\u306a\u304f\u306a\u308a \u4ed5\u65b9\u306a\u304f\u300c\u3081\u3050\u308a\u3042\u3046\u66f8\u7269\u305f\u3061<span style=\"color: Red;\">\u3082\u3069\u304d<\/span>\u300d\u3092\u66f8\u3044\u3066 \u81ea\u5206\u3067\u523a\u6fc0\u3092\u4f5c\u308a\u51fa\u3059\u3053\u3068\u306b\u3057\u305f\u306e\u3060\u304c\u3001\u305d\u308c\u3082\u5c3e\u95a2\u3055\u3093\u306e\u8a03\u5831\u3092\u53d7\u305146\u56de\u3067\u7d42\u4e86\u306b\u3002<br \/>\n\u300c\u3081\u3050\u308a\u3042\u3046\u66f8\u7269\u305f\u3061\u300d\u3092\u305d\u306e\u307e\u307e\u8e0f\u8972\u3057\u305f\u3064\u3082\u308a\u3067\u3044\u305f\u304c\u3001\u5c3e\u95a2\u7ae0\u3055\u3093\u306e\u3088\u3046\u306a\u683c\u8abf\u9ad8\u3044\u6587\u7ae0\u306f \u6700\u5f8c\u307e\u3067\u66f8\u3051\u306a\u304b\u3063\u305f\u3002<\/p>\n<p>&nbsp;<\/p>\n<p><a href=\"http:\/\/shinichikushima.com\/?p=370\">\uff0846\uff09<strong><span style=\"color: RoyalBlue;\">\u30d8\u30eb\u30bf\u30fb\u30df\u30e5\u30e9\u30fc<\/span><span style=\"color: navy;\">\u300e\u6fb1\u307f\u300f<\/span><\/strong><\/a><br \/>\n&#8211;<br \/>\n<a href=\"http:\/\/shinichikushima.com\/?p=348\">\uff0845\uff09<strong><span style=\"color: RoyalBlue;\">\u30cb\u30e5\u30fc\u30c8\u30f3\u30d7\u30ec\u30b9<\/span><span style=\"color: navy;\">\u300e\u4eba\u4f53\u300f<\/span><\/strong><\/a><\/p>\n<p><a href=\"http:\/\/shinichikushima.com\/?p=337\">\uff0844\uff09<strong><span style=\"color: RoyalBlue;\">\u30cb\u30e5\u30fc\u30c8\u30f3\u30d7\u30ec\u30b9<\/span><span style=\"color: navy;\">\u300e\u7121\u300f<\/span><\/strong><\/a><\/p>\n<p><a href=\"http:\/\/shinichikushima.com\/?p=324\">\uff0843\uff09<strong><span style=\"color: RoyalBlue;\">Daniel Simons, Christopher Chabris<\/span><span style=\"color: navy;\">\u300eNobody&#8217;s Fool\u300f<\/span><\/strong><\/a><\/p>\n<p><a href=\"http:\/\/shinichikushima.com\/?p=304\">\uff0842\uff09<strong><span style=\"color: RoyalBlue;\">Sabine Hossenfelder<\/span><span style=\"color: navy;\">\u300eLost in Math\u300f<\/span><\/strong><\/a><\/p>\n<p><a href=\"http:\/\/shinichikushima.com\/?p=272\">\uff0841\uff09<strong><span style=\"color: RoyalBlue;\">Peter Wohlleben<\/span><span style=\"color: navy;\">\u300eThe Hidden Life of Trees\u300f<\/span><\/strong><\/a><\/p>\n<p><a href=\"http:\/\/shinichikushima.com\/?p=252\">\uff0840\uff09<strong><span style=\"color: RoyalBlue;\">\u306a\u304b\u306b\u3057\u793c<\/span><span style=\"color: navy;\">\u300e\u53e3\u8aac\u304f\u300f<\/span><\/strong><\/a><\/p>\n<p><a href=\"http:\/\/shinichikushima.com\/?p=238\">\uff0839\uff09<strong><span style=\"color: RoyalBlue;\">Hannah Arendt<\/span><span style=\"color: navy;\">\u300eThe Human Condition\u300f<\/span><\/strong><\/a><\/p>\n<p><a href=\"http:\/\/shinichikushima.com\/?p=212\">\uff0838\uff09<strong><span style=\"color: RoyalBlue;\">Friedrich Nietzsche<\/span><span style=\"color: navy;\">\u300eBeyond Good and Evil\u300f<\/span><\/strong><\/a><\/p>\n<p><a href=\"http:\/\/shinichikushima.com\/?p=193\">\uff0837\uff09<strong><span style=\"color: RoyalBlue;\">Patrick S\u00fcskind<\/span><span style=\"color: navy;\">\u300ePerfume\u300f<\/span><\/strong><\/a><\/p>\n<p><a href=\"http:\/\/shinichikushima.com\/?p=114\">\uff0836\uff09<strong><span style=\"color: RoyalBlue;\">\u8c37\u5d0e\u6f64\u4e00\u90ce<\/span><span style=\"color: navy;\">\u300e\u9375\u300f<\/span><\/strong><\/a><\/p>\n<p><a href=\"http:\/\/shinichikushima.com\/?p=112\">\uff0835\uff09<strong><span style=\"color: RoyalBlue;\">\u4e95\u4e0a\u9756<\/span><span style=\"color: navy;\">\u300e\u5b54\u5b50\u300f<\/span><\/strong><\/a><\/p>\n<p><a href=\"http:\/\/shinichikushima.com\/?p=110\">\uff0834\uff09<strong><span style=\"color: RoyalBlue;\">\u30a2\u30df\u30f3\u30fb\u30de\u30a2\u30eb\u30fc\u30d5<\/span><span style=\"color: navy;\">\u300e\u30a2\u30e9\u30d6\u304c\u898b\u305f\u5341\u5b57\u8ecd\u300f<\/span><\/a><\/strong><\/p>\n<p><a href=\"http:\/\/shinichikushima.com\/?p=108\">\uff0833\uff09<strong><span style=\"color: RoyalBlue;\">\u5c3e\u95a2\u7ae0<\/span><span style=\"color: navy;\">\u300e\u79d1\u5b66\u3092\u3044\u307e\u3069\u3046\u8a9e\u308b\u304b\u2015\u2015\u5553\u8499\u304b\u3089\u6279\u8a55\u3078\u300f<\/span><\/strong><\/a><\/p>\n<p><a href=\"http:\/\/shinichikushima.com\/?p=106\">\uff0832\uff09<strong><span style=\"color: RoyalBlue;\">George Orwell<\/span><span style=\"color: navy;\">\u300eNotes on Nationalism\u300f<\/span><\/strong><\/a><\/p>\n<p><a href=\"http:\/\/shinichikushima.com\/?p=104\">\uff0831\uff09<strong><span style=\"color: RoyalBlue;\">\u30a2\u30ec\u30c3\u30af\u30b9\u30fb\u30ab\u30fc<\/span><span style=\"color: navy;\">\u300e\u72ac\u3068\u9b3c &#8211; \u77e5\u3089\u308c\u3056\u308b\u65e5\u672c\u306e\u8096\u50cf\u300f<\/span><\/strong><\/a><\/p>\n<p><a href=\"http:\/\/shinichikushima.com\/?p=102\">\uff0830\uff09<strong><span style=\"color: RoyalBlue;\">\u6f81\u6fa4\u9f8d\u5f66<\/span><span style=\"color: navy;\">\u300e\u5feb\u697d\u4e3b\u7fa9\u306e\u54f2\u5b66\u300f<\/span><\/strong><\/a><\/p>\n<p><a href=\"http:\/\/shinichikushima.com\/?p=100\">\uff0829\uff09<strong><span style=\"color: RoyalBlue;\">\u6ca2\u6728\u8015\u592a\u90ce<\/span><span style=\"color: navy;\">\u300e\u6df1\u591c\u7279\u6025\u3008\u7b2c\u4e09\u4fbf\u3009\u98db\u5149\u3088\u3001\u98db\u5149\u3088 \u300f<\/span><\/strong><\/a><\/p>\n<p><a href=\"http:\/\/shinichikushima.com\/?p=98\">\uff0828\uff09<strong><span style=\"color: RoyalBlue;\">\u5c71\u672c\u9759\u5c71<\/span><span style=\"color: navy;\">\u300e\u82b1\u306e\u3053\u3053\u308d\u2015\u5948\u826f\u5186\u7167\u5bfa\u5c3c\u9580\u8de1\u3068\u3044\u3051\u3070\u306a\u300f<\/span><\/strong><\/a><\/p>\n<p><a href=\"http:\/\/shinichikushima.com\/?p=96\">\uff0827\uff09<strong><span style=\"color: RoyalBlue;\">\u6771\u90f7\u514b\u7f8e<\/span><span style=\"color: navy;\">\u300e\u4f47\u7acb\u3059\u308b\u82a5\u5ddd\u9f8d\u4e4b\u4ecb\u300f<\/span><\/strong><\/a><\/p>\n<p><a href=\"http:\/\/shinichikushima.com\/?p=94\">\uff0826\uff09<strong><span style=\"color: RoyalBlue;\">\u5bfa\u5c71\u4fee\u53f8<\/span><span style=\"color: navy;\">\u300e\u30dd\u30b1\u30c3\u30c8\u306b\u540d\u8a00\u3092\u300f<\/span><\/strong><\/a><\/p>\n<p><a href=\"http:\/\/shinichikushima.com\/?p=92\">\uff0825\uff09<strong><span style=\"color: RoyalBlue;\">\u30d3\u30e7\u30f3\u30c1\u30e7\u30eb\u30fb\u30cf\u30f3<\/span><span style=\"color: navy;\">\u300e\u900f\u660e\u793e\u4f1a\u300f<\/span><\/strong><\/a><\/p>\n<p><a href=\"http:\/\/shinichikushima.com\/?p=90\">\uff0824\uff09<strong><span style=\"color: RoyalBlue;\">\ub958\uc2dc\ud654<\/span><span style=\"color: navy;\">\u300e\uadf8\ub300\uac00 \uacc1\uc5d0 \uc788\uc5b4\ub3c4 \ub098\ub294 \uadf8\ub300\uac00 \uadf8\ub9bd\ub2e4\u300f<\/span><\/strong><\/a><\/p>\n<p><a href=\"http:\/\/shinichikushima.com\/?p=88\">\uff0823\uff09<strong><span style=\"color: RoyalBlue;\">\u30ad\u30e0\u30fb\u30b9\u30d2\u30e7\u30f3<\/span><span style=\"color: navy;\">\u300e\u79c1\u306f\u79c1\u306e\u307e\u307e\u3067\u751f\u304d\u308b\u3053\u3068\u306b\u3057\u305f\u300f<\/span><\/strong><\/a><\/p>\n<p><a href=\"http:\/\/shinichikushima.com\/?p=86\">\uff0822\uff09<strong><span style=\"color: RoyalBlue;\">\u540d\u90f7\u76f4\u6a39<\/span><span style=\"color: navy;\">\u300e\u3044\u305a\u308c\u304f\u308b\u6b7b\u306b\u305d\u306a\u3048\u306a\u3044\u300f<\/span><\/strong><\/a><\/p>\n<p><a href=\"http:\/\/shinichikushima.com\/?p=84\">\uff0821\uff09<strong><span style=\"color: RoyalBlue;\">\u30df\u30e5\u30ea\u30a8\u30eb\u30fb\u30d0\u30eb\u30d9\u30ea<\/span><span style=\"color: navy;\">\u300e\u4eac\u90fd\u306b\u54b2\u304f\u4e00\u8f2a\u306e\u8594\u8587\u300f<\/span><\/strong><\/a><\/p>\n<p><a href=\"http:\/\/shinichikushima.com\/?p=82\">\uff0820\uff09<strong><span style=\"color: RoyalBlue;\">Harry Cliff<\/span><span style=\"color: navy;\">\u300eHow to Make an Apple Pie from Scratch\u300f<\/span><\/strong><\/a><\/p>\n<p><a href=\"http:\/\/shinichikushima.com\/?p=80\">\uff0819\uff09<strong><span style=\"color: RoyalBlue;\">Bruno Latour<\/span><span style=\"color: navy;\">\u300eFace \u00e0 Ga\u00efa. Huit conf\u00e9rences sur le nouveau r\u00e9gime climatique\u300f<\/span><\/strong><\/a><\/p>\n<p><a href=\"http:\/\/shinichikushima.com\/?p=78\">\uff0818\uff09<strong><span style=\"color: RoyalBlue;\">\u8fd1\u85e4\u7950<\/span><span style=\"color: navy;\">\u300e\u3008\u72ed\u3055\u3009\u306e\u7f8e\u5b66\u300f<\/span><\/strong><\/a><\/p>\n<p><a href=\"http:\/\/shinichikushima.com\/?p=76\">\uff0817\uff09<strong><span style=\"color: RoyalBlue;\">Leonard Koren<\/span><span style=\"color: navy;\">\u300eWabi-Sabi for Artists, Designers, Poets &amp; Philosophers\u300f<\/span><\/strong><\/a><\/p>\n<p><a href=\"http:\/\/shinichikushima.com\/?p=74\">\uff0816\uff09<strong><span style=\"color: RoyalBlue;\">\u5e83\u4e95\u826f\u5247<\/span><span style=\"color: navy;\">\u300e\u4eba\u53e3\u6e1b\u5c11\u793e\u4f1a\u306e\u30c7\u30b6\u30a4\u30f3\u300f<\/span><\/strong><\/a><\/p>\n<p><a href=\"http:\/\/shinichikushima.com\/?p=72\">\uff0815\uff09<strong><span style=\"color: RoyalBlue;\">\u5c39\u96c4\u5927<\/span><span style=\"color: navy;\">\u300e\u3064\u306a\u304c\u308a\u904e\u304e\u306a\u3044\u3067\u3044\u3044\u300f<\/span><\/strong><\/a><\/p>\n<p><a href=\"http:\/\/shinichikushima.com\/?p=70\">\uff0814\uff09<strong><span style=\"color: RoyalBlue;\">\u65e5\u4e0b\u6e09<\/span><span style=\"color: navy;\">\u300e\u53cd\u5e02\u6c11\u306e\u653f\u6cbb\u5b66\u300f<\/span><\/strong><\/a><\/p>\n<p><a href=\"http:\/\/shinichikushima.com\/?p=67\">\uff0813\uff09<strong><span style=\"color: RoyalBlue;\">John Hersey<\/span><span style=\"color: navy;\">\u300eHiroshima\u300f<\/span><\/strong><\/a><\/p>\n<p><a href=\"http:\/\/shinichikushima.com\/?p=65\">\uff0812\uff09<strong><span style=\"color: RoyalBlue;\">Paul Shapiro<\/span><span style=\"color: navy;\">\u300eClean Meat\u300f<\/span><\/strong><\/a><\/p>\n<p><a href=\"http:\/\/shinichikushima.com\/?p=63\">\uff0811\uff09<strong><span style=\"color: RoyalBlue;\">\u30df\u30d2\u30e3\u30a8\u30eb\u30fb\u30a8\u30f3\u30c7<\/span><span style=\"color: navy;\">\u300e\u30e2\u30e2\u300f<\/span><\/strong><\/a><\/p>\n<p><a href=\"http:\/\/shinichikushima.com\/?p=61\">\uff0810\uff09<strong><span style=\"color: RoyalBlue;\">\u6cb3\u53e3\u6167\u6d77<\/span><span style=\"color: navy;\">\u300e\u30c1\u30d9\u30c3\u30c8\u65c5\u884c\u8a18\u300f<\/span><\/strong><\/a><\/p>\n<p><a href=\"http:\/\/shinichikushima.com\/?p=59\">\uff089\uff09<strong><span style=\"color: RoyalBlue;\">\u85e4\u6ca2\u5468\u5e73<\/span><span style=\"color: navy;\">\u300e\u65e5\u66ae\u308c\u7af9\u6cb3\u5cb8\u300f<\/span><\/strong><\/a><\/p>\n<p><a href=\"http:\/\/shinichikushima.com\/?p=56\">\uff088\uff09<strong><span style=\"color: RoyalBlue;\">Francis Jammes<\/span><span style=\"color: navy;\">\u300eLe Roman du Li\u00e8vre\u300f<\/span><\/strong><\/a><\/p>\n<p><a href=\"http:\/\/shinichikushima.com\/?p=53\">\uff087\uff09<strong><span style=\"color: RoyalBlue;\">Alexis de Tocqueville<\/span><span style=\"color: navy;\">\u300eDemocracy In America (Volume 2)\u300f<\/span><\/strong><\/a><\/p>\n<p><a href=\"http:\/\/shinichikushima.com\/?p=51\">\uff086\uff09<strong><span style=\"color: RoyalBlue;\">\u77f3\u725f\u793c\u9053\u5b50<\/span><span style=\"color: navy;\">\u300e\u693f\u306e\u6d77\u306e\u8a18\u300f<\/span><\/strong><\/a><\/p>\n<p><a href=\"http:\/\/shinichikushima.com\/?p=49\">\uff085\uff09<strong><span style=\"color: RoyalBlue;\">Carlo Rovelli<\/span><span style=\"color: navy;\">\u300eWhite Holes\u300f<\/span><\/strong><\/a><\/p>\n<p><a href=\"http:\/\/shinichikushima.com\/?p=47\">\uff084\uff09<strong><span style=\"color: RoyalBlue;\">\u9752\u6728\u7389<\/span><span style=\"color: navy;\">\u300e\u5c0f\u77f3\u5ddd\u306e\u5bb6\u300f<\/span><\/strong><\/a><\/p>\n<p><a href=\"http:\/\/shinichikushima.com\/?p=33\">\uff083\uff09<strong><span style=\"color: RoyalBlue;\">\u5742\u53e3\u5f18<\/span><span style=\"color: navy;\">\u300e\u6b4c\u96c6 \u5e38\u3057\u3078\u306e\u9053\u300f<\/span><\/strong><\/a><\/p>\n<p><a href=\"http:\/\/shinichikushima.com\/?p=25\">\uff082\uff09<strong><span style=\"color: RoyalBlue;\">Fernando Pessoa<\/span><span style=\"color: navy;\">\u300eThe Book of Disquiet: The Complete Edition\u300f<\/span><\/strong><\/a><\/p>\n<p><a href=\"http:\/\/shinichikushima.com\/?p=22\">\uff081\uff09<strong><span style=\"color: RoyalBlue;\">\u5e78\u7530\u6587<\/span><span style=\"color: navy;\">\u300e\u304d\u3082\u306e\u300f<\/span><\/strong><\/a><\/p>\n","protected":false},"excerpt":{"rendered":"<p>\u6bce\u9031 \u697d\u3057\u307f\u306b\u3057\u3066\u3044\u305f \u5c3e\u95a2\u7ae0\u3055\u3093\u306e\u300c\u3081\u3050\u308a\u3042\u3046\u66f8\u7269\u305f\u3061\u300d\u304c\u300c\u7b46\u8005\u306e\u3084\u3080\u3092\u5f97\u306a\u3044\u4e8b\u60c5\u306b\u3088\u308a\u300d\u3057\u3070\u3089\u304f\u306e\u3042\u3044\u3060\u304a\u4f11\u307f\u306b\u3002 \u3081\u3050\u308a\u3042\u3046\u66f8\u7269\u305f\u3061\/\u5c3e\u95a2\u7ae0 \u300c\u8aad\u3080\u300d\u300c\u8003\u3048\u308b\u300d\u306e by chance 3\u5e7412\u67081\u65e5 \u6295\u7a3f\u8005: AK [&hellip;]<\/p>\n","protected":false},"author":1,"featured_media":0,"parent":0,"menu_order":1,"comment_status":"open","ping_status":"closed","template":"","meta":{"footnotes":""},"class_list":["post-2","page","type-page","status-publish","hentry"],"_links":{"self":[{"href":"https:\/\/shinichikushima.com\/index.php?rest_route=\/wp\/v2\/pages\/2","targetHints":{"allow":["GET"]}}],"collection":[{"href":"https:\/\/shinichikushima.com\/index.php?rest_route=\/wp\/v2\/pages"}],"about":[{"href":"https:\/\/shinichikushima.com\/index.php?rest_route=\/wp\/v2\/types\/page"}],"author":[{"embeddable":true,"href":"https:\/\/shinichikushima.com\/index.php?rest_route=\/wp\/v2\/users\/1"}],"replies":[{"embeddable":true,"href":"https:\/\/shinichikushima.com\/index.php?rest_route=%2Fwp%2Fv2%2Fcomments&post=2"}],"version-history":[{"count":47,"href":"https:\/\/shinichikushima.com\/index.php?rest_route=\/wp\/v2\/pages\/2\/revisions"}],"predecessor-version":[{"id":382,"href":"https:\/\/shinichikushima.com\/index.php?rest_route=\/wp\/v2\/pages\/2\/revisions\/382"}],"wp:attachment":[{"href":"https:\/\/shinichikushima.com\/index.php?rest_route=%2Fwp%2Fv2%2Fmedia&parent=2"}],"curies":[{"name":"wp","href":"https:\/\/api.w.org\/{rel}","templated":true}]}}